{"id":427,"date":"2025-12-04T14:25:14","date_gmt":"2025-12-04T13:25:14","guid":{"rendered":"https:\/\/codigmatic.tech\/?page_id=427"},"modified":"2025-12-12T13:21:24","modified_gmt":"2025-12-12T12:21:24","slug":"about","status":"publish","type":"page","link":"https:\/\/codigmatic.tech\/de\/about\/","title":{"rendered":"\u00dcber"},"content":{"rendered":"<div data-elementor-type=\"wp-page\" data-elementor-id=\"427\" class=\"elementor elementor-427\">\n\t\t\t\t<div class=\"elementor-element elementor-element-100d0fa header-main e-flex e-con-boxed e-con e-parent\" data-id=\"100d0fa\" data-element_type=\"container\">\n\t\t\t\t\t<div class=\"e-con-inner\">\n\t\t\t\t<div class=\"elementor-element elementor-element-3cf5038 elementor-widget elementor-widget-text-editor\" data-id=\"3cf5038\" data-element_type=\"widget\" data-widget_type=\"text-editor.default\">\n\t\t\t\t<div class=\"elementor-widget-container\">\n\t\t\t\t\t\t\t\t\t<div class=\"hero-eyebrow\"><div class=\"hero-eyebrow\"><div class=\"hero-eyebrow\">WER WIR SIND<\/div><\/div><\/div>\t\t\t\t\t\t\t\t<\/div>\n\t\t\t\t<\/div>\n\t\t\t\t<div class=\"elementor-element elementor-element-da0cabc elementor-widget__width-initial elementor-widget-tablet__width-inherit elementor-widget elementor-widget-heading\" data-id=\"da0cabc\" data-element_type=\"widget\" data-widget_type=\"heading.default\">\n\t\t\t\t<div class=\"elementor-widget-container\">\n\t\t\t\t\t<h2 class=\"elementor-heading-title elementor-size-default translation-block\">Ein Team, das sich auf schwierige, <strong>gesch\u00e4ftskritische Systeme<\/strong> konzentriert.<\/h2>\t\t\t\t<\/div>\n\t\t\t\t<\/div>\n\t\t\t\t<div class=\"elementor-element elementor-element-515803e elementor-widget__width-initial elementor-widget-mobile__width-inherit elementor-widget elementor-widget-text-editor\" data-id=\"515803e\" data-element_type=\"widget\" data-widget_type=\"text-editor.default\">\n\t\t\t\t<div class=\"elementor-widget-container\">\n\t\t\t\t\t\t\t\t\t<p class=\"hero-sub\">Codigmatic wurde gegr\u00fcndet, um an der Art von Software zu arbeiten, die die meisten Teams meiden: langlebige ERP-, Produktions-IT- und Integrationslandschaften, die Unternehmen am Laufen halten. Daher ziehen wir langfristige Verantwortung f\u00fcr komplexe Systeme kurzen Projekten, Demos oder \u201eStrategie-Pr\u00e4sentationen\u201c vor.<\/p>\t\t\t\t\t\t\t\t<\/div>\n\t\t\t\t<\/div>\n\t\t\t\t<div class=\"elementor-element elementor-element-1b59932 elementor-mobile-align-left elementor-widget elementor-widget-button\" data-id=\"1b59932\" data-element_type=\"widget\" data-widget_type=\"button.default\">\n\t\t\t\t<div class=\"elementor-widget-container\">\n\t\t\t\t\t\t\t\t\t<div class=\"elementor-button-wrapper\">\n\t\t\t\t\t<a class=\"elementor-button elementor-button-link elementor-size-sm\" href=\"\/de\/contact\/\">\n\t\t\t\t\t\t<span class=\"elementor-button-content-wrapper\">\n\t\t\t\t\t\t<span class=\"elementor-button-icon\">\n\t\t\t\t<svg aria-hidden=\"true\" class=\"e-font-icon-svg e-fas-arrow-right\" viewbox=\"0 0 448 512\" xmlns=\"http:\/\/www.w3.org\/2000\/svg\"><path d=\"M190.5 66.9l22.2-22.2c9.4-9.4 24.6-9.4 33.9 0L441 239c9.4 9.4 9.4 24.6 0 33.9L246.6 467.3c-9.4 9.4-24.6 9.4-33.9 0l-22.2-22.2c-9.5-9.5-9.3-25 .4-34.3L311.4 296H24c-13.3 0-24-10.7-24-24v-32c0-13.3 10.7-24 24-24h287.4L190.9 101.2c-9.8-9.3-10-24.8-.4-34.3z\"><\/path><\/svg>\t\t\t<\/span>\n\t\t\t\t\t\t\t\t\t<span class=\"elementor-button-text\">Kontaktieren Sie uns<\/span>\n\t\t\t\t\t<\/span>\n\t\t\t\t\t<\/a>\n\t\t\t\t<\/div>\n\t\t\t\t\t\t\t\t<\/div>\n\t\t\t\t<\/div>\n\t\t\t\t\t<\/div>\n\t\t\t\t<\/div>\n\t\t<div class=\"elementor-element elementor-element-bc0f491 e-flex e-con-boxed e-con e-parent\" data-id=\"bc0f491\" data-element_type=\"container\">\n\t\t\t\t\t<div class=\"e-con-inner\">\n\t\t\t\t<div class=\"elementor-element elementor-element-bc07bf8 elementor-widget elementor-widget-text-editor\" data-id=\"bc07bf8\" data-element_type=\"widget\" data-widget_type=\"text-editor.default\">\n\t\t\t\t<div class=\"elementor-widget-container\">\n\t\t\t\t\t\t\t\t\t<div class=\"promise-label\">ANSATZ<\/div>\t\t\t\t\t\t\t\t<\/div>\n\t\t\t\t<\/div>\n\t\t\t\t<div class=\"elementor-element elementor-element-8933357 elementor-widget elementor-widget-heading\" data-id=\"8933357\" data-element_type=\"widget\" data-widget_type=\"heading.default\">\n\t\t\t\t<div class=\"elementor-widget-container\">\n\t\t\t\t\t<h2 class=\"elementor-heading-title elementor-size-default\">Wie wir \u00fcber Modernisierungsarbeiten denken<\/h2>\t\t\t\t<\/div>\n\t\t\t\t<\/div>\n\t\t\t\t<div class=\"elementor-element elementor-element-1618a8d elementor-widget__width-initial elementor-widget-mobile__width-inherit elementor-widget elementor-widget-text-editor\" data-id=\"1618a8d\" data-element_type=\"widget\" data-widget_type=\"text-editor.default\">\n\t\t\t\t<div class=\"elementor-widget-container\">\n\t\t\t\t\t\t\t\t\t<p class=\"section-intro\">Technisch versiert genug, um direkt mit Ihren Ingenieuren zusammenzuarbeiten, und gleichzeitig nah genug am operativen Gesch\u00e4ft, um mit Werksleitern, Finanz- und Logistikabteilungen zu sprechen \u2013 in konkreten, nicht abstrakten Begriffen.<\/p>\t\t\t\t\t\t\t\t<\/div>\n\t\t\t\t<\/div>\n\t\t<div class=\"elementor-element elementor-element-591f1374 e-con-full e-flex e-con e-child\" data-id=\"591f1374\" data-element_type=\"container\">\n\t\t<div class=\"elementor-element elementor-element-4afdd9fa e-con-full e-flex e-con e-child\" data-id=\"4afdd9fa\" data-element_type=\"container\">\n\t\t<div class=\"elementor-element elementor-element-177aaf9d e-con-full e-flex e-con e-child\" data-id=\"177aaf9d\" data-element_type=\"container\">\n\t\t\t\t<div class=\"elementor-element elementor-element-26917bfa elementor-widget elementor-widget-heading\" data-id=\"26917bfa\" data-element_type=\"widget\" data-widget_type=\"heading.default\">\n\t\t\t\t<div class=\"elementor-widget-container\">\n\t\t\t\t\t<h2 class=\"elementor-heading-title elementor-size-default\">Was Sie von uns erwarten k\u00f6nnen<\/h2>\t\t\t\t<\/div>\n\t\t\t\t<\/div>\n\t\t\t\t<div class=\"elementor-element elementor-element-199e29 elementor-widget elementor-widget-text-editor\" data-id=\"199e29\" data-element_type=\"widget\" data-widget_type=\"text-editor.default\">\n\t\t\t\t<div class=\"elementor-widget-container\">\n\t\t\t\t\t\t\t\t\t<p class=\"translation-block\"><strong><span style=\"color: #000000\">Nur-Senior-Teams<\/span>:<\/strong> die Leute, die Sie am Anfang kennenlernen, bleiben bei Ihnen. Dar\u00fcber hinaus sorgt unsere risikoorientierte Sichtweise daf\u00fcr, dass wir von Ausfallmodi ausgehen, nicht von Werkzeugen oder Trends.<\/p><p class=\"translation-block\"><span style=\"color: #000000;font-weight: 500\">Risikoorientierte Sichtweise<\/span>: Wir gehen von Fehlermodi aus, nicht von Tools oder Trends.<\/p><p class=\"translation-block\"><span style=\"color: #000000;font-weight: 500\">Klare Sprache<\/span>: Wir beschreiben Optionen in operativen, nicht marketingorientierten Begriffen.<\/p><p class=\"translation-block\"><span style=\"color: #000000;font-weight: 500\">Respekt vor Einschr\u00e4nkungen<\/span>: Produktionsfenster, Budgets und die Zeit der Mitarbeitenden.<\/p>\t\t\t\t\t\t\t\t<\/div>\n\t\t\t\t<\/div>\n\t\t\t\t<\/div>\n\t\t<div class=\"elementor-element elementor-element-296a10f9 e-con-full e-flex e-con e-child\" data-id=\"296a10f9\" data-element_type=\"container\">\n\t\t\t\t<div class=\"elementor-element elementor-element-27ded767 elementor-widget elementor-widget-heading\" data-id=\"27ded767\" data-element_type=\"widget\" data-widget_type=\"heading.default\">\n\t\t\t\t<div class=\"elementor-widget-container\">\n\t\t\t\t\t<h2 class=\"elementor-heading-title elementor-size-default\">Was wir nicht sind<\/h2>\t\t\t\t<\/div>\n\t\t\t\t<\/div>\n\t\t\t\t<div class=\"elementor-element elementor-element-5524abed elementor-widget elementor-widget-text-editor\" data-id=\"5524abed\" data-element_type=\"widget\" data-widget_type=\"text-editor.default\">\n\t\t\t\t<div class=\"elementor-widget-container\">\n\t\t\t\t\t\t\t\t\t<p data-pm-slice=\"1 1 []\">Wir sind keine gew\u00f6hnlichen Anbieter von Personalvermittlung. Wir bieten auch keine einmaligen \u201eStrategie-Pr\u00e4sentationen\u201c an. Dar\u00fcber hinaus propagieren wir keine bevorzugten Tools oder Plattformen, und Teams, die nach dem Architektur-Workshop verschwinden, entsprechen nicht unserem Stil.<\/p>\t\t\t\t\t\t\t\t<\/div>\n\t\t\t\t<\/div>\n\t\t\t\t<\/div>\n\t\t\t\t<\/div>\n\t\t\t\t<\/div>\n\t\t\t\t\t<\/div>\n\t\t\t\t<\/div>\n\t\t<div class=\"elementor-element elementor-element-322e10b2 e-flex e-con-boxed e-con e-parent\" data-id=\"322e10b2\" data-element_type=\"container\">\n\t\t\t\t\t<div class=\"e-con-inner\">\n\t\t\t\t<div class=\"elementor-element elementor-element-66640108 elementor-widget elementor-widget-text-editor\" data-id=\"66640108\" data-element_type=\"widget\" data-widget_type=\"text-editor.default\">\n\t\t\t\t<div class=\"elementor-widget-container\">\n\t\t\t\t\t\t\t\t\t<div class=\"promise-label\">GRUNDS\u00c4TZE<\/div>\t\t\t\t\t\t\t\t<\/div>\n\t\t\t\t<\/div>\n\t\t\t\t<div class=\"elementor-element elementor-element-46625398 elementor-widget elementor-widget-heading\" data-id=\"46625398\" data-element_type=\"widget\" data-widget_type=\"heading.default\">\n\t\t\t\t<div class=\"elementor-widget-container\">\n\t\t\t\t\t<h2 class=\"elementor-heading-title elementor-size-default\">Einige Grunds\u00e4tze, nach denen wir arbeiten<\/h2>\t\t\t\t<\/div>\n\t\t\t\t<\/div>\n\t\t\t\t<div class=\"elementor-element elementor-element-40df7875 elementor-widget__width-initial elementor-widget-mobile__width-inherit elementor-widget elementor-widget-text-editor\" data-id=\"40df7875\" data-element_type=\"widget\" data-widget_type=\"text-editor.default\">\n\t\t\t\t<div class=\"elementor-widget-container\">\n\t\t\t\t\t\t\t\t\t<p class=\"section-intro\">Diese Grunds\u00e4tze leiten uns in der Zusammenarbeit mit Kunden, Partnern und untereinander.\u2028 Einfach \u2013 aber genau deshalb vertrauen uns Kunden ihre anspruchsvollsten Systeme an.<\/p>\t\t\t\t\t\t\t\t<\/div>\n\t\t\t\t<\/div>\n\t\t<div class=\"elementor-element elementor-element-4a091c65 e-con-full e-flex e-con e-child\" data-id=\"4a091c65\" data-element_type=\"container\">\n\t\t<div class=\"elementor-element elementor-element-116f14b3 e-con-full e-flex e-con e-child\" data-id=\"116f14b3\" data-element_type=\"container\">\n\t\t\t\t<div class=\"elementor-element elementor-element-49b2cf62 elementor-widget elementor-widget-heading\" data-id=\"49b2cf62\" data-element_type=\"widget\" data-widget_type=\"heading.default\">\n\t\t\t\t<div class=\"elementor-widget-container\">\n\t\t\t\t\t<h2 class=\"elementor-heading-title elementor-size-default\">Produktion \u00fcber Folien<\/h2>\t\t\t\t<\/div>\n\t\t\t\t<\/div>\n\t\t\t\t<div class=\"elementor-element elementor-element-16caf05b elementor-widget elementor-widget-text-editor\" data-id=\"16caf05b\" data-element_type=\"widget\" data-widget_type=\"text-editor.default\">\n\t\t\t\t<div class=\"elementor-widget-container\">\n\t\t\t\t\t\t\t\t\t<div class=\"engagement-meta\">Wir messen den Fortschritt anhand der Ver\u00e4nderungen in den Produktionssystemen, nicht anhand der erstellten Dokumente.<\/div>\t\t\t\t\t\t\t\t<\/div>\n\t\t\t\t<\/div>\n\t\t\t\t<\/div>\n\t\t<div class=\"elementor-element elementor-element-fdc2a84 e-con-full e-flex e-con e-child\" data-id=\"fdc2a84\" data-element_type=\"container\">\n\t\t\t\t<div class=\"elementor-element elementor-element-7eb3d78e elementor-widget elementor-widget-heading\" data-id=\"7eb3d78e\" data-element_type=\"widget\" data-widget_type=\"heading.default\">\n\t\t\t\t<div class=\"elementor-widget-container\">\n\t\t\t\t\t<h2 class=\"elementor-heading-title elementor-size-default\">Kleine, umkehrbare Schritte<\/h2>\t\t\t\t<\/div>\n\t\t\t\t<\/div>\n\t\t\t\t<div class=\"elementor-element elementor-element-4c76efa8 elementor-widget elementor-widget-text-editor\" data-id=\"4c76efa8\" data-element_type=\"widget\" data-widget_type=\"text-editor.default\">\n\t\t\t\t<div class=\"elementor-widget-container\">\n\t\t\t\t\t\t\t\t\t<div class=\"engagement-meta\">Wir bevorzugen kleinere \u00c4nderungen, die r\u00fcckg\u00e4ngig gemacht werden k\u00f6nnen und aus denen wir lernen k\u00f6nnen \u2013 statt radikale Umw\u00e4lzungen.<\/div>\t\t\t\t\t\t\t\t<\/div>\n\t\t\t\t<\/div>\n\t\t\t\t<\/div>\n\t\t<div class=\"elementor-element elementor-element-577f438e e-con-full e-flex e-con e-child\" data-id=\"577f438e\" data-element_type=\"container\">\n\t\t\t\t<div class=\"elementor-element elementor-element-68b7d411 elementor-widget elementor-widget-heading\" data-id=\"68b7d411\" data-element_type=\"widget\" data-widget_type=\"heading.default\">\n\t\t\t\t<div class=\"elementor-widget-container\">\n\t\t\t\t\t<h2 class=\"elementor-heading-title elementor-size-default\">Eine Quelle der Wahrheit<\/h2>\t\t\t\t<\/div>\n\t\t\t\t<\/div>\n\t\t\t\t<div class=\"elementor-element elementor-element-2eb770c7 elementor-widget elementor-widget-text-editor\" data-id=\"2eb770c7\" data-element_type=\"widget\" data-widget_type=\"text-editor.default\">\n\t\t\t\t<div class=\"elementor-widget-container\">\n\t\t\t\t\t\t\t\t\t<div class=\"engagement-meta\">Wir erstellen gemeinsame, explizite Modelle von Systemen und Daten, damit Teams nicht mehr \u00fcber grundlegende Fakten streiten m\u00fcssen.<\/div>\t\t\t\t\t\t\t\t<\/div>\n\t\t\t\t<\/div>\n\t\t\t\t<\/div>\n\t\t\t\t<\/div>\n\t\t\t\t\t<\/div>\n\t\t\t\t<\/div>\n\t\t<div class=\"elementor-element elementor-element-5a562eb e-flex e-con-boxed e-con e-parent\" data-id=\"5a562eb\" data-element_type=\"container\" data-settings=\"{&quot;background_background&quot;:&quot;classic&quot;}\">\n\t\t\t\t\t<div class=\"e-con-inner\">\n\t\t\t\t<div class=\"elementor-element elementor-element-111492f elementor-widget elementor-widget-text-editor\" data-id=\"111492f\" data-element_type=\"widget\" data-widget_type=\"text-editor.default\">\n\t\t\t\t<div class=\"elementor-widget-container\">\n\t\t\t\t\t\t\t\t\t<div class=\"promise-label\">FAKTEN<\/div>\t\t\t\t\t\t\t\t<\/div>\n\t\t\t\t<\/div>\n\t\t\t\t<div class=\"elementor-element elementor-element-5e9f820 elementor-widget elementor-widget-heading\" data-id=\"5e9f820\" data-element_type=\"widget\" data-widget_type=\"heading.default\">\n\t\t\t\t<div class=\"elementor-widget-container\">\n\t\t\t\t\t<h2 class=\"elementor-heading-title elementor-size-default\">Einige wichtige Details<\/h2>\t\t\t\t<\/div>\n\t\t\t\t<\/div>\n\t\t\t\t<div class=\"elementor-element elementor-element-d983ed1 elementor-widget__width-initial elementor-widget-mobile__width-inherit elementor-widget elementor-widget-text-editor\" data-id=\"d983ed1\" data-element_type=\"widget\" data-widget_type=\"text-editor.default\">\n\t\t\t\t<div class=\"elementor-widget-container\">\n\t\t\t\t\t\t\t\t\t<p class=\"section-intro\">Wir bleiben bewusst klein und fokussiert. Bei Bedarf arbeiten wir mit vertrauensw\u00fcrdigen Partnern in Bereichen zusammen, die au\u00dferhalb unserer Kernkompetenzen liegen.<\/p>\t\t\t\t\t\t\t\t<\/div>\n\t\t\t\t<\/div>\n\t\t<div class=\"elementor-element elementor-element-1c27cf2 e-con-full e-flex e-con e-child\" data-id=\"1c27cf2\" data-element_type=\"container\">\n\t\t<div class=\"elementor-element elementor-element-1c5bc9d e-con-full integrations-card e-flex e-con e-child\" data-id=\"1c5bc9d\" data-element_type=\"container\">\n\t\t\t\t<div class=\"elementor-element elementor-element-7e44e8b elementor-widget elementor-widget-text-editor\" data-id=\"7e44e8b\" data-element_type=\"widget\" data-widget_type=\"text-editor.default\">\n\t\t\t\t<div class=\"elementor-widget-container\">\n\t\t\t\t\t\t\t\t\t<div class=\"engagement-meta\"><div class=\"usecase-meta\"><div class=\"engagement-meta\"><div class=\"landscape-item-meta\">SCHWERPUNKTE<\/div><\/div><\/div><\/div>\t\t\t\t\t\t\t\t<\/div>\n\t\t\t\t<\/div>\n\t\t\t\t<div class=\"elementor-element elementor-element-a9a1c63 elementor-widget elementor-widget-heading\" data-id=\"a9a1c63\" data-element_type=\"widget\" data-widget_type=\"heading.default\">\n\t\t\t\t<div class=\"elementor-widget-container\">\n\t\t\t\t\t<h2 class=\"elementor-heading-title elementor-size-default\">3<\/h2>\t\t\t\t<\/div>\n\t\t\t\t<\/div>\n\t\t\t\t<div class=\"elementor-element elementor-element-abe7422 elementor-widget elementor-widget-text-editor\" data-id=\"abe7422\" data-element_type=\"widget\" data-widget_type=\"text-editor.default\">\n\t\t\t\t<div class=\"elementor-widget-container\">\n\t\t\t\t\t\t\t\t\t<div class=\"engagement-meta\">Modernisierung, Produktions-IT und Integrationen. Sonst nichts.<\/div>\t\t\t\t\t\t\t\t<\/div>\n\t\t\t\t<\/div>\n\t\t\t\t<\/div>\n\t\t<div class=\"elementor-element elementor-element-c896220 e-con-full integrations-card e-flex e-con e-child\" data-id=\"c896220\" data-element_type=\"container\">\n\t\t\t\t<div class=\"elementor-element elementor-element-61ed1ed elementor-widget elementor-widget-text-editor\" data-id=\"61ed1ed\" data-element_type=\"widget\" data-widget_type=\"text-editor.default\">\n\t\t\t\t<div class=\"elementor-widget-container\">\n\t\t\t\t\t\t\t\t\t<div class=\"engagement-meta\"><div class=\"usecase-meta\"><div class=\"engagement-meta\">ENGAGEMENT-MODELL<\/div><\/div><\/div>\t\t\t\t\t\t\t\t<\/div>\n\t\t\t\t<\/div>\n\t\t\t\t<div class=\"elementor-element elementor-element-2d7aa3e elementor-widget elementor-widget-heading\" data-id=\"2d7aa3e\" data-element_type=\"widget\" data-widget_type=\"heading.default\">\n\t\t\t\t<div class=\"elementor-widget-container\">\n\t\t\t\t\t<h2 class=\"elementor-heading-title elementor-size-default\">Bewertung \u2192 Pilotprojekt \u2192 Programm<\/h2>\t\t\t\t<\/div>\n\t\t\t\t<\/div>\n\t\t\t\t<div class=\"elementor-element elementor-element-84b13f2 elementor-widget elementor-widget-text-editor\" data-id=\"84b13f2\" data-element_type=\"widget\" data-widget_type=\"text-editor.default\">\n\t\t\t\t<div class=\"elementor-widget-container\">\n\t\t\t\t\t\t\t\t\t<div class=\"engagement-meta\">Jede Zusammenarbeit folgt derselben klaren Struktur.<\/div>\t\t\t\t\t\t\t\t<\/div>\n\t\t\t\t<\/div>\n\t\t\t\t<\/div>\n\t\t<div class=\"elementor-element elementor-element-c4b8042 e-con-full integrations-card e-flex e-con e-child\" data-id=\"c4b8042\" data-element_type=\"container\">\n\t\t\t\t<div class=\"elementor-element elementor-element-0bf1584 elementor-widget elementor-widget-text-editor\" data-id=\"0bf1584\" data-element_type=\"widget\" data-widget_type=\"text-editor.default\">\n\t\t\t\t<div class=\"elementor-widget-container\">\n\t\t\t\t\t\t\t\t\t<div class=\"engagement-meta\"><div class=\"usecase-meta\"><div class=\"engagement-meta\">WIE MAN ANF\u00c4NGT<\/div><\/div><\/div>\t\t\t\t\t\t\t\t<\/div>\n\t\t\t\t<\/div>\n\t\t\t\t<div class=\"elementor-element elementor-element-ab1d3a2 elementor-widget elementor-widget-heading\" data-id=\"ab1d3a2\" data-element_type=\"widget\" data-widget_type=\"heading.default\">\n\t\t\t\t<div class=\"elementor-widget-container\">\n\t\t\t\t\t<h2 class=\"elementor-heading-title elementor-size-default\">90-min\u00fctiges Gespr\u00e4ch<\/h2>\t\t\t\t<\/div>\n\t\t\t\t<\/div>\n\t\t\t\t<div class=\"elementor-element elementor-element-6e8c53d elementor-widget elementor-widget-text-editor\" data-id=\"6e8c53d\" data-element_type=\"widget\" data-widget_type=\"text-editor.default\">\n\t\t\t\t<div class=\"elementor-widget-container\">\n\t\t\t\t\t\t\t\t\t<div class=\"engagement-meta\">Mit Menschen, die tats\u00e4chlich an Ihren Systemen arbeiten werden.<\/div>\t\t\t\t\t\t\t\t<\/div>\n\t\t\t\t<\/div>\n\t\t\t\t<\/div>\n\t\t\t\t<\/div>\n\t\t\t\t\t<\/div>\n\t\t\t\t<\/div>\n\t\t\t\t<\/div>","protected":false},"excerpt":{"rendered":"<p>A small engineering team working on the hardest systems \u2014 bridging business, operations and technology with clarity and responsibility.<\/p>","protected":false},"author":1,"featured_media":0,"parent":0,"menu_order":0,"comment_status":"closed","ping_status":"closed","template":"","meta":{"footnotes":""},"class_list":["post-427","page","type-page","status-publish","hentry"],"yoast_head":"<!-- This site is optimized with the Yoast SEO plugin v26.5 - https:\/\/yoast.com\/wordpress\/plugins\/seo\/ -->\n<title>Codigmatic - About<\/title>\n<meta name=\"description\" content=\"We specialize in long-lived, difficult systems: legacy ERP, production IT and integrations. Senior-only team focused on long-term responsibility.\" \/>\n<meta name=\"robots\" content=\"index, follow, max-snippet:-1, max-image-preview:large, max-video-preview:-1\" \/>\n<link rel=\"canonical\" href=\"https:\/\/codigmatic.tech\/de\/about\/\" \/>\n<meta property=\"og:locale\" content=\"de_DE\" \/>\n<meta property=\"og:type\" content=\"article\" \/>\n<meta property=\"og:title\" content=\"Codigmatic - About\" \/>\n<meta property=\"og:description\" content=\"We specialize in long-lived, difficult systems: legacy ERP, production IT and integrations. Senior-only team focused on long-term responsibility.\" \/>\n<meta property=\"og:url\" content=\"https:\/\/codigmatic.tech\/de\/about\/\" \/>\n<meta property=\"og:site_name\" content=\"Codigmatic\" \/>\n<meta property=\"article:modified_time\" content=\"2025-12-12T12:21:24+00:00\" \/>\n<meta name=\"twitter:card\" content=\"summary_large_image\" \/>\n<meta name=\"twitter:label1\" content=\"Gesch\u00e4tzte Lesezeit\" \/>\n\t<meta name=\"twitter:data1\" content=\"2\u00a0Minuten\" \/>\n<script type=\"application\/ld+json\" class=\"yoast-schema-graph\">{\"@context\":\"https:\/\/schema.org\",\"@graph\":[{\"@type\":\"WebPage\",\"@id\":\"https:\/\/codigmatic.tech\/about\/\",\"url\":\"https:\/\/codigmatic.tech\/about\/\",\"name\":\"Codigmatic - About\",\"isPartOf\":{\"@id\":\"https:\/\/codigmatic.tech\/#website\"},\"datePublished\":\"2025-12-04T13:25:14+00:00\",\"dateModified\":\"2025-12-12T12:21:24+00:00\",\"description\":\"We specialize in long-lived, difficult systems: legacy ERP, production IT and integrations. Senior-only team focused on long-term responsibility.\",\"breadcrumb\":{\"@id\":\"https:\/\/codigmatic.tech\/about\/#breadcrumb\"},\"inLanguage\":\"de\",\"potentialAction\":[{\"@type\":\"ReadAction\",\"target\":[\"https:\/\/codigmatic.tech\/about\/\"]}]},{\"@type\":\"BreadcrumbList\",\"@id\":\"https:\/\/codigmatic.tech\/about\/#breadcrumb\",\"itemListElement\":[{\"@type\":\"ListItem\",\"position\":1,\"name\":\"Strona g\u0142\u00f3wna\",\"item\":\"https:\/\/codigmatic.tech\/\"},{\"@type\":\"ListItem\",\"position\":2,\"name\":\"About\"}]},{\"@type\":\"WebSite\",\"@id\":\"https:\/\/codigmatic.tech\/#website\",\"url\":\"https:\/\/codigmatic.tech\/\",\"name\":\"Codigmatic\",\"description\":\"\",\"potentialAction\":[{\"@type\":\"SearchAction\",\"target\":{\"@type\":\"EntryPoint\",\"urlTemplate\":\"https:\/\/codigmatic.tech\/?s={search_term_string}\"},\"query-input\":{\"@type\":\"PropertyValueSpecification\",\"valueRequired\":true,\"valueName\":\"search_term_string\"}}],\"inLanguage\":\"de\"}]}<\/script>\n<!-- \/ Yoast SEO plugin. -->","yoast_head_json":{"title":"Codigmatic - About","description":"We specialize in long-lived, difficult systems: legacy ERP, production IT and integrations. Senior-only team focused on long-term responsibility.","robots":{"index":"index","follow":"follow","max-snippet":"max-snippet:-1","max-image-preview":"max-image-preview:large","max-video-preview":"max-video-preview:-1"},"canonical":"https:\/\/codigmatic.tech\/de\/about\/","og_locale":"de_DE","og_type":"article","og_title":"Codigmatic - About","og_description":"We specialize in long-lived, difficult systems: legacy ERP, production IT and integrations. Senior-only team focused on long-term responsibility.","og_url":"https:\/\/codigmatic.tech\/de\/about\/","og_site_name":"Codigmatic","article_modified_time":"2025-12-12T12:21:24+00:00","twitter_card":"summary_large_image","twitter_misc":{"Gesch\u00e4tzte Lesezeit":"2\u00a0Minuten"},"schema":{"@context":"https:\/\/schema.org","@graph":[{"@type":"WebPage","@id":"https:\/\/codigmatic.tech\/about\/","url":"https:\/\/codigmatic.tech\/about\/","name":"Codigmatic - About","isPartOf":{"@id":"https:\/\/codigmatic.tech\/#website"},"datePublished":"2025-12-04T13:25:14+00:00","dateModified":"2025-12-12T12:21:24+00:00","description":"We specialize in long-lived, difficult systems: legacy ERP, production IT and integrations. Senior-only team focused on long-term responsibility.","breadcrumb":{"@id":"https:\/\/codigmatic.tech\/about\/#breadcrumb"},"inLanguage":"de","potentialAction":[{"@type":"ReadAction","target":["https:\/\/codigmatic.tech\/about\/"]}]},{"@type":"BreadcrumbList","@id":"https:\/\/codigmatic.tech\/about\/#breadcrumb","itemListElement":[{"@type":"ListItem","position":1,"name":"Strona g\u0142\u00f3wna","item":"https:\/\/codigmatic.tech\/"},{"@type":"ListItem","position":2,"name":"About"}]},{"@type":"WebSite","@id":"https:\/\/codigmatic.tech\/#website","url":"https:\/\/codigmatic.tech\/","name":"Codigmatic","description":"","potentialAction":[{"@type":"SearchAction","target":{"@type":"EntryPoint","urlTemplate":"https:\/\/codigmatic.tech\/?s={search_term_string}"},"query-input":{"@type":"PropertyValueSpecification","valueRequired":true,"valueName":"search_term_string"}}],"inLanguage":"de"}]}},"_links":{"self":[{"href":"https:\/\/codigmatic.tech\/de\/wp-json\/wp\/v2\/pages\/427","targetHints":{"allow":["GET"]}}],"collection":[{"href":"https:\/\/codigmatic.tech\/de\/wp-json\/wp\/v2\/pages"}],"about":[{"href":"https:\/\/codigmatic.tech\/de\/wp-json\/wp\/v2\/types\/page"}],"author":[{"embeddable":true,"href":"https:\/\/codigmatic.tech\/de\/wp-json\/wp\/v2\/users\/1"}],"replies":[{"embeddable":true,"href":"https:\/\/codigmatic.tech\/de\/wp-json\/wp\/v2\/comments?post=427"}],"version-history":[{"count":56,"href":"https:\/\/codigmatic.tech\/de\/wp-json\/wp\/v2\/pages\/427\/revisions"}],"predecessor-version":[{"id":814,"href":"https:\/\/codigmatic.tech\/de\/wp-json\/wp\/v2\/pages\/427\/revisions\/814"}],"wp:attachment":[{"href":"https:\/\/codigmatic.tech\/de\/wp-json\/wp\/v2\/media?parent=427"}],"curies":[{"name":"wp","href":"https:\/\/api.w.org\/{rel}","templated":true}]}}